{"id":304,"date":"2014-04-03T11:49:18","date_gmt":"2014-04-03T11:49:18","guid":{"rendered":"http:\/\/zdobywajpieniadze.pl\/blog\/?page_id=304"},"modified":"2014-04-08T22:31:52","modified_gmt":"2014-04-08T22:31:52","slug":"o-nas","status":"publish","type":"page","link":"http:\/\/finansowawolnosc.pl\/blog\/o-nas\/","title":{"rendered":"O Mnie"},"content":{"rendered":"<p><span style=\"font-size: 15px;\"><strong>Drogi Przyjacielu,<\/strong><\/span><\/p>\n<p><span style=\"font-size: 15px; color: #000000;\">Nazywam si\u0119 Wojciech O\u017c\u00f3g i zamierzam zabra\u0107 Ci\u0119 w<strong> szalon\u0105 podr\u00f3\u017c przez \u017cycie, w kt\u00f3rym praca i pieni\u0105dze, s\u0105 tylko \u015brodkiem do realizacji cel\u00f3w<br \/>\ni marze\u0144.<\/strong> \u017bycie, kt\u00f3re b\u0119dzie lepsze od ludzi, kt\u00f3rymi si\u0119 otaczasz i kt\u00f3rego celem, b\u0119dzie osi\u0105gni\u0119cie wolno\u015bci finansowej, dobrobytu i szcz\u0119\u015bcia.<\/span><\/p>\n<p><span style=\"font-size: 15px; color: #000000;\">Ka\u017cdy z nas ma marzenia, jednak wi\u0119kszo\u015b\u0107 z nich si\u0119 nigdy nie materializuje. Pozostaj\u0105 tylko marzeniami i nawet nie podejmujemy pr\u00f3b ich realizacji. <strong>Czego brakuje Tobie, aby\u015b m\u00f3g\u0142 spe\u0142ni\u0107 swoje marzenia?<\/strong><\/span><\/p>\n<p><span style=\"font-size: 15px; color: #000000;\">Mia\u0142em w swoim \u017cyciu okres, w kt\u00f3rym ci\u0105gle pr\u00f3bowa\u0142em nowych rzeczy, kiedy nie wiedzia\u0142em co chcia\u0142bym robi\u0107, nie wiedzia\u0142em czego chc\u0119. Chodzi\u0142em do nudnej pracy, kt\u00f3ra finansowo zaspokaja\u0142a tylko moje najwa\u017cniejsze potrzeby. Kiedy chcia\u0142em robi\u0107 nowe rzeczy, podr\u00f3\u017cowa\u0107, odkrywa\u0107 \u015bwiat cz\u0119sto okazywa\u0142o si\u0119, \u017ce nie mam na to pieni\u0119dzy.<\/span><\/p>\n<p><span style=\"font-size: 15px; color: #000000;\">Kiedy pewnego dnia zacz\u0119\u0142o mi ich naprawd\u0119 brakowa\u0107, nie mog\u0142em realizowa\u0107 swoich pasji i \u017cy\u0107 tak, jak wtedy chcia\u0142em, <strong>zrozumia\u0142em bardzo wa\u017cn\u0105 rzecz!<\/strong><\/span><\/p>\n<p style=\"text-align: center;\"><span style=\"font-size: 18px; color: #000000;\"><strong><span style=\"color: #9f0303;\">Aby spe\u0142nia\u0107 swoje marzenia i \u017cy\u0107 tak jak tego chc\u0119,<br \/>\nMUSZE MIE\u0106\u00a0PIENI\u0104DZE!<\/span><\/strong><\/span><\/p>\n<p><span style=\"font-size: 15px; color: #000000;\">Tematyk\u0105 rozwoju osobistego, wolno\u015bci finansowej i sposobami dochodzenia do niej, interesuje si\u0119 od kilku lat. W tym czasie, uczestniczy\u0142em w wielu szkoleniach, seminariach, przeczyta\u0142em setki ksi\u0105\u017cek i pozna\u0142em wielu inspiruj\u0105cych ludzi sukcesu. <strong>Wiem, \u017ce jestem na dobrej drodze i id\u0119 ni\u0105 wytrwale do celu.<\/strong> Dzi\u015b nie jestem wolny finansowo, ale moje my\u015blenie i m\u00f3j styl \u017cycia, jest ju\u017c na dobrym torze.<\/span><\/p>\n<p><span style=\"font-size: 15px; color: #000000;\">Pasjonuje si\u0119 nurkowaniem, uwielbiam podr\u00f3\u017ce i chcia\u0142bym zwiedza\u0107 \u015bwiat. Interesuje si\u0119 zdrowym trybem \u017cycia, sportem (biegam, p\u0142ywam, je\u017cd\u017c\u0119 na rolkach, nartach, rowerze) oraz relacjami mi\u0119dzy ludzkimi. Fascynuje mnie poznawanie nowych os\u00f3b. Wiem \u017ce ka\u017cda nowo poznana osoba, mo\u017ce ca\u0142kowicie odmieni\u0107 moje \u017cycie. Ci\u0105gle rozwijam swoje umiej\u0119tno\u015bci interpersonalne i komunikacyjne. Ci\u0105gle zdobywam now\u0105 wiedz\u0119 i ucz\u0119 si\u0119 nowych rzeczy.<\/span><\/p>\n<p><span style=\"font-size: 15px; color: #000000;\">Na blogu przeczytasz o rozwijaniu \u00a0inteligencji finansowej i w\u0142asnej \u015bwiadomo\u015bci d\u0105\u017cenia do niezale\u017cno\u015bci i wolno\u015bci finansowej, oraz mentalnym podej\u015bciu do pracy<br \/>\ni pieni\u0119dzy. Nie podam Ci z\u0142otych sposob\u00f3w, ani magicznych pigu\u0142ek, bo sam w to nie wierz\u0119. <strong>Wierze za to w prac\u0119, kt\u00f3ra wykonywana wytrwale, ka\u017cdego dnia zbli\u017ca mnie do celu.\u00a0<\/strong>Nie mam tu na my\u015bli pracy za pieni\u0105dze, tylko prac\u0119 nad sob\u0105 i swoim \u017cyciem.<\/span><\/p>\n<p><span style=\"font-size: 15px; color: #000000;\">Dowiesz si\u0119, w jaki spos\u00f3b przestawi\u0107 sw\u00f3j spos\u00f3b my\u015blenia i co robi\u0107, aby w Twoim \u017cyciu zacz\u0119\u0142o pojawia\u0107 si\u0119 coraz wi\u0119cej pieni\u0119dzy. Poznasz narz\u0119dzia osi\u0105gania wolno\u015bci finansowej i sposoby eliminacji ogranicze\u0144, b\u0142\u0119dnych przekona\u0144 i nawyk\u00f3w, kt\u00f3re ka\u017cdego dnia przybli\u017caj\u0105 Ci\u0119 do \u017cycia w biedzie.<\/span><\/p>\n<p style=\"text-align: center;\"><span style=\"font-size: 18px; color: #9f0303;\"><strong>\u017bYCIE NIE JEST PO TO, \u017bEBY PRACOWA\u0106!<br \/>\n<\/strong><strong>\u017bycie jest po to, \u017ceby si\u0119 nim cieszy\u0107. \u017beby \u017cy\u0107!<\/strong><\/span><\/p>\n<p><span style=\"font-size: 15px;\"><strong><span style=\"color: #000000;\">Mi\u0142ej i owocnej lektury.<\/span><\/strong><\/span><\/p>\n","protected":false},"excerpt":{"rendered":"<p>Drogi Przyjacielu, Nazywam si\u0119 Wojciech O\u017c\u00f3g i zamierzam zabra\u0107 Ci\u0119 w szalon\u0105 podr\u00f3\u017c przez \u017cycie, w kt\u00f3rym praca i pieni\u0105dze, s\u0105 tylko \u015brodkiem do realizacji cel\u00f3w i marze\u0144. \u017bycie, kt\u00f3re b\u0119dzie lepsze od ludzi, kt\u00f3rymi si\u0119 otaczasz i kt\u00f3rego celem, b\u0119dzie osi\u0105gni\u0119cie wolno\u015bci finansowej, dobrobytu i szcz\u0119\u015bcia. Ka\u017cdy z nas ma marzenia, jednak wi\u0119kszo\u015b\u0107 z [&hellip;]<\/p>\n","protected":false},"author":1,"featured_media":0,"parent":0,"menu_order":0,"comment_status":"open","ping_status":"open","template":"","meta":[],"_links":{"self":[{"href":"http:\/\/finansowawolnosc.pl\/blog\/wp-json\/wp\/v2\/pages\/304"}],"collection":[{"href":"http:\/\/finansowawolnosc.pl\/blog\/wp-json\/wp\/v2\/pages"}],"about":[{"href":"http:\/\/finansowawolnosc.pl\/blog\/wp-json\/wp\/v2\/types\/page"}],"author":[{"embeddable":true,"href":"http:\/\/finansowawolnosc.pl\/blog\/wp-json\/wp\/v2\/users\/1"}],"replies":[{"embeddable":true,"href":"http:\/\/finansowawolnosc.pl\/blog\/wp-json\/wp\/v2\/comments?post=304"}],"version-history":[{"count":27,"href":"http:\/\/finansowawolnosc.pl\/blog\/wp-json\/wp\/v2\/pages\/304\/revisions"}],"predecessor-version":[{"id":350,"href":"http:\/\/finansowawolnosc.pl\/blog\/wp-json\/wp\/v2\/pages\/304\/revisions\/350"}],"wp:attachment":[{"href":"http:\/\/finansowawolnosc.pl\/blog\/wp-json\/wp\/v2\/media?parent=304"}],"curies":[{"name":"wp","href":"https:\/\/api.w.org\/{rel}","templated":true}]}}